{"id":37,"date":"2018-10-11T20:44:57","date_gmt":"2018-10-11T18:44:57","guid":{"rendered":"http:\/\/galeriejacquesfraigneau.net\/?page_id=37"},"modified":"2021-04-07T18:11:09","modified_gmt":"2021-04-07T16:11:09","slug":"contact","status":"publish","type":"page","link":"http:\/\/galeriejacquesfraigneau.net\/index.php\/contact\/","title":{"rendered":"Contact"},"content":{"rendered":"<p><img loading=\"lazy\" decoding=\"async\" data-attachment-id=\"38\" data-permalink=\"http:\/\/galeriejacquesfraigneau.net\/index.php\/contact\/papy_koleos_2-copie\/\" data-orig-file=\"https:\/\/i0.wp.com\/galeriejacquesfraigneau.net\/wp-content\/uploads\/2018\/10\/Papy_koleos_2_2.jpeg?fit=928%2C1069\" data-orig-size=\"928,1069\" data-comments-opened=\"1\" data-image-meta=\"{&quot;aperture&quot;:&quot;0&quot;,&quot;credit&quot;:&quot;&quot;,&quot;camera&quot;:&quot;&quot;,&quot;caption&quot;:&quot;&quot;,&quot;created_timestamp&quot;:&quot;1240599427&quot;,&quot;copyright&quot;:&quot;&quot;,&quot;focal_length&quot;:&quot;0&quot;,&quot;iso&quot;:&quot;0&quot;,&quot;shutter_speed&quot;:&quot;0&quot;,&quot;title&quot;:&quot;Papy_koleos_2 copie&quot;,&quot;orientation&quot;:&quot;0&quot;}\" data-image-title=\"Papy_koleos_2 copie\" data-image-description=\"\" data-image-caption=\"\" data-medium-file=\"https:\/\/i0.wp.com\/galeriejacquesfraigneau.net\/wp-content\/uploads\/2018\/10\/Papy_koleos_2_2.jpeg?fit=260%2C300\" data-large-file=\"https:\/\/i0.wp.com\/galeriejacquesfraigneau.net\/wp-content\/uploads\/2018\/10\/Papy_koleos_2_2.jpeg?fit=800%2C921\" class=\"size-medium wp-image-38 aligncenter\" src=\"https:\/\/i0.wp.com\/galeriejacquesfraigneau.net\/wp-content\/uploads\/2018\/10\/Papy_koleos_2_2.jpeg?resize=260%2C300\" alt=\"\" width=\"260\" height=\"300\" srcset=\"https:\/\/i0.wp.com\/galeriejacquesfraigneau.net\/wp-content\/uploads\/2018\/10\/Papy_koleos_2_2.jpeg?resize=260%2C300 260w, https:\/\/i0.wp.com\/galeriejacquesfraigneau.net\/wp-content\/uploads\/2018\/10\/Papy_koleos_2_2.jpeg?resize=768%2C885 768w, https:\/\/i0.wp.com\/galeriejacquesfraigneau.net\/wp-content\/uploads\/2018\/10\/Papy_koleos_2_2.jpeg?resize=889%2C1024 889w, https:\/\/i0.wp.com\/galeriejacquesfraigneau.net\/wp-content\/uploads\/2018\/10\/Papy_koleos_2_2.jpeg?w=928 928w\" sizes=\"auto, (max-width: 260px) 100vw, 260px\" data-recalc-dims=\"1\" \/><\/p>\n<p style=\"text-align: center;\">Pour me contacter, adressez-moi un email&#8230;<\/p>\n<p style=\"text-align: center;\">Je vous r\u00e9ponds au plus vite!<\/p>\n<p style=\"text-align: center;\">A bient\u00f4t!<\/p>\n<p style=\"text-align: center;\">Jacques FRAIGNEAU<\/p>\n<p style=\"text-align: center;\">jacques.fraigneau[arobase]bbox.fr<\/p>\n\n\n<p><\/p>\n","protected":false},"excerpt":{"rendered":"<p>Pour me contacter, adressez-moi un email&#8230; Je vous r\u00e9ponds au plus vite! A bient\u00f4t! Jacques FRAIGNEAU jacques.fraigneau[arobase]bbox.fr<\/p>\n","protected":false},"author":1,"featured_media":0,"parent":0,"menu_order":0,"comment_status":"closed","ping_status":"closed","template":"","meta":{"footnotes":""},"class_list":["post-37","page","type-page","status-publish","hentry"],"jetpack_sharing_enabled":true,"jetpack_shortlink":"https:\/\/wp.me\/Panan0-B","jetpack-related-posts":[{"id":85,"url":"http:\/\/galeriejacquesfraigneau.net\/index.php\/contact-us\/","url_meta":{"origin":37,"position":0},"title":"Contact us","date":"11 October 2018","format":false,"excerpt":"If you want to contact me, send an email... I will answer your message as soon as possible. Kind Regards. Jacques FRAIGNEAU jacques.fraigneau[arobase]bbox.fr","rel":"","context":"Similar post","img":{"alt_text":"","src":"https:\/\/i0.wp.com\/galeriejacquesfraigneau.net\/wp-content\/uploads\/2018\/10\/Papy_koleos_2_2-260x300.jpeg?resize=350%2C200","width":350,"height":200},"classes":[]},{"id":87,"url":"http:\/\/galeriejacquesfraigneau.net\/index.php\/contatto\/","url_meta":{"origin":37,"position":1},"title":"Contatto","date":"11 October 2018","format":false,"excerpt":"Volete mandarmi un messaggio? Vi risponder\u00f2 appena possibile. A presto! Jacques FRAIGNEAU jacques.fraigneau[arobase]bbox.fr","rel":"","context":"Similar post","img":{"alt_text":"","src":"https:\/\/i0.wp.com\/galeriejacquesfraigneau.net\/wp-content\/uploads\/2018\/10\/Papy_koleos_2_2-260x300.jpeg?resize=350%2C200","width":350,"height":200},"classes":[]},{"id":83,"url":"http:\/\/galeriejacquesfraigneau.net\/index.php\/la-toile-de-vos-reves\/","url_meta":{"origin":37,"position":2},"title":"La toile de vos r\u00eaves","date":"11 October 2018","format":false,"excerpt":"Je peux r\u00e9aliser le tableau de votre choix :\u00a0 votre maison, un portrait, un paysage, etc... Choisissez votre mod\u00e8le... Puis une technique : huile, pastel, aquarelle... Enfin, les dimensions d'apr\u00e8s le tableau ci-dessous : Envoyez-moi par email: la photographie (format jpeg, png, pdf) la technique choisie les dimensions choisies Je\u2026","rel":"","context":"Similar post","img":{"alt_text":"","src":"https:\/\/i0.wp.com\/galeriejacquesfraigneau.net\/wp-content\/uploads\/2018\/10\/La-Marne-\u00e0-champigny-le-Heron.jpeg?fit=844%2C1200&resize=350%2C200","width":350,"height":200},"classes":[]},{"id":93,"url":"http:\/\/galeriejacquesfraigneau.net\/index.php\/lartiste\/","url_meta":{"origin":37,"position":3},"title":"L&#8217;artiste","date":"11 October 2018","format":false,"excerpt":"Jacques FRAIGNEAU est n\u00e9 en 1933. Il vit actuellement pr\u00e8s de PARIS. Lorsqu'il se retrouvait avec ses petits camarades au bord de la Sauldre pour y p\u00eacher,\u00a0Jacques FRAIGNEAU ne s'interessait pas \u00e0 ce qui se passait au bout de sa ligne... Son regard \u00e9tait attir\u00e9 de l'autre c\u00f4t\u00e9 de la\u2026","rel":"","context":"Similar post","img":{"alt_text":"","src":"https:\/\/i0.wp.com\/galeriejacquesfraigneau.net\/wp-content\/uploads\/2018\/10\/chateau_blancafort.gif?resize=350%2C200","width":350,"height":200},"classes":[]},{"id":95,"url":"http:\/\/galeriejacquesfraigneau.net\/index.php\/lartista\/","url_meta":{"origin":37,"position":4},"title":"L&#8217;artista","date":"11 October 2018","format":false,"excerpt":"Jacques FRAIGNEAU \u00e8 nato il 16 giugno 1933 a Parigi. \" ...Eloquenza di un uomo per cui i valori di un ambiente restituiscono al centuplo l'armonia di una natura ricca e florida.\" Nulla lo ferma... Quest'artista dipende solo dalla natura, dal proprio sguardo e dalla propria fantasia.... L\u2019Amateur d\u2019Art -\u2026","rel":"","context":"Similar post","img":{"alt_text":"","src":"","width":0,"height":0},"classes":[]},{"id":2,"url":"http:\/\/galeriejacquesfraigneau.net\/","url_meta":{"origin":37,"position":5},"title":"HUILES  AQUARELLES  PASTELS","date":"11 October 2018","format":false,"excerpt":"\"Jacques FRAIGNEAU fixe sur la toile une vision privil\u00e9gi\u00e9e, la fascination d'un lieu o\u00f9 le peintre et la nature entrent en une osmose intime dans la concordance des temps.\u00bb La c\u00f4te des arts - Mars 1989.","rel":"","context":"Similar post","img":{"alt_text":"","src":"https:\/\/i0.wp.com\/galeriejacquesfraigneau.net\/wp-content\/uploads\/2018\/10\/Peinture-Huile.jpg?resize=350%2C200","width":350,"height":200},"classes":[]}],"_links":{"self":[{"href":"http:\/\/galeriejacquesfraigneau.net\/index.php\/wp-json\/wp\/v2\/pages\/37","targetHints":{"allow":["GET"]}}],"collection":[{"href":"http:\/\/galeriejacquesfraigneau.net\/index.php\/wp-json\/wp\/v2\/pages"}],"about":[{"href":"http:\/\/galeriejacquesfraigneau.net\/index.php\/wp-json\/wp\/v2\/types\/page"}],"author":[{"embeddable":true,"href":"http:\/\/galeriejacquesfraigneau.net\/index.php\/wp-json\/wp\/v2\/users\/1"}],"replies":[{"embeddable":true,"href":"http:\/\/galeriejacquesfraigneau.net\/index.php\/wp-json\/wp\/v2\/comments?post=37"}],"version-history":[{"count":12,"href":"http:\/\/galeriejacquesfraigneau.net\/index.php\/wp-json\/wp\/v2\/pages\/37\/revisions"}],"predecessor-version":[{"id":395,"href":"http:\/\/galeriejacquesfraigneau.net\/index.php\/wp-json\/wp\/v2\/pages\/37\/revisions\/395"}],"wp:attachment":[{"href":"http:\/\/galeriejacquesfraigneau.net\/index.php\/wp-json\/wp\/v2\/media?parent=37"}],"curies":[{"name":"wp","href":"https:\/\/api.w.org\/{rel}","templated":true}]}}